{"id":7570,"date":"2019-03-26T09:21:19","date_gmt":"2019-03-26T08:21:19","guid":{"rendered":"https:\/\/comadi.es\/equip\/"},"modified":"2024-12-24T11:20:36","modified_gmt":"2024-12-24T10:20:36","slug":"equip","status":"publish","type":"page","link":"https:\/\/comadi.es\/ca\/equip\/","title":{"rendered":"Equip"},"content":{"rendered":"\t\t<div data-elementor-type=\"wp-page\" data-elementor-id=\"7570\" class=\"elementor elementor-7570 elementor-3276\" data-elementor-post-type=\"page\">\n\t\t\t\t\t\t<section class=\"elementor-section elementor-top-section elementor-element elementor-element-ce392b6 techlon-column-stretched-none elementor-section-boxed elementor-section-height-default elementor-section-height-default\" data-id=\"ce392b6\" data-element_type=\"section\">\n\t\t\t\t\t\t<div class=\"elementor-container elementor-column-gap-default\">\n\t\t\t\t\t<div class=\"elementor-column elementor-col-100 elementor-top-column elementor-element elementor-element-3c06a62\" data-id=\"3c06a62\" data-element_type=\"column\">\n\t\t\t<div class=\"elementor-widget-wrap elementor-element-populated\">\n\t\t\t\t\t\t<div class=\"elementor-element elementor-element-23b473a elementor-widget elementor-widget-heading\" data-id=\"23b473a\" data-element_type=\"widget\" data-widget_type=\"heading.default\">\n\t\t\t\t<div class=\"elementor-widget-container\">\n\t\t\t\t\t<h1 class=\"elementor-heading-title elementor-size-default\">Benvinguts al cor de la nostra empresa!<\/h1>\t\t\t\t<\/div>\n\t\t\t\t<\/div>\n\t\t\t\t<div class=\"elementor-element elementor-element-a9f70b6 elementor-widget elementor-widget-heading\" data-id=\"a9f70b6\" data-element_type=\"widget\" data-widget_type=\"heading.default\">\n\t\t\t\t<div class=\"elementor-widget-container\">\n\t\t\t\t\t<h2 class=\"elementor-heading-title elementor-size-default\">Us presentem als protagonistes que ajuden a augmentar les vendes dels nostres clients a trav\u00e9s dels nostres serveis de telem\u00e0rqueting, generaci\u00f3 de leads o concertaci\u00f3 de visites comercials, entre d'altres:<\/h2>\t\t\t\t<\/div>\n\t\t\t\t<\/div>\n\t\t\t\t\t<\/div>\n\t\t<\/div>\n\t\t\t\t\t<\/div>\n\t\t<\/section>\n\t\t<div class=\"elementor-element elementor-element-7ee1e95 e-grid e-con-boxed e-con e-parent\" data-id=\"7ee1e95\" data-element_type=\"container\">\n\t\t\t\t\t<div class=\"e-con-inner\">\n\t\t\t\t<div class=\"elementor-element elementor-element-6e622d6 elementor-widget elementor-widget-text-editor\" data-id=\"6e622d6\" data-element_type=\"widget\" data-widget_type=\"text-editor.default\">\n\t\t\t\t<div class=\"elementor-widget-container\">\n\t\t\t\t\t\t\t\t\t<p>A Comadi som una empresa petita i familiar, i ens enorgulleix presentar al nostre equip excepcional que impulsa el nostre \u00e8xit dia rere dia.<\/p>\n<h2>La nostra fam\u00edlia<\/h2>\n<p>Som m\u00e9s que companys de feina; som una fam\u00edlia unida per la passi\u00f3 per la nostra feina i el comprom\u00eds amb els nostres clients. Junts, compartim una visi\u00f3 comuna de brindar un servei excepcional i establir relacions duradores amb els qui confien en nosaltres. <\/p>\n\t\t\t\t\t\t\t\t<\/div>\n\t\t\t\t<\/div>\n\t\t\t\t<div class=\"elementor-element elementor-element-4b0cafb elementor-widget elementor-widget-image\" data-id=\"4b0cafb\" data-element_type=\"widget\" data-widget_type=\"image.default\">\n\t\t\t\t<div class=\"elementor-widget-container\">\n\t\t\t\t\t\t\t\t\t\t\t\t\t\t\t<img fetchpriority=\"high\" decoding=\"async\" width=\"640\" height=\"640\" src=\"https:\/\/comadi.es\/wp-content\/uploads\/2023\/08\/Marcelo-Augelli-246-1024x1024.jpg\" class=\"attachment-large size-large wp-image-6326\" alt=\"\" srcset=\"https:\/\/comadi.es\/wp-content\/uploads\/2023\/08\/Marcelo-Augelli-246-1024x1024.jpg 1024w, https:\/\/comadi.es\/wp-content\/uploads\/2023\/08\/Marcelo-Augelli-246-300x300.jpg 300w, https:\/\/comadi.es\/wp-content\/uploads\/2023\/08\/Marcelo-Augelli-246-150x150.jpg 150w, https:\/\/comadi.es\/wp-content\/uploads\/2023\/08\/Marcelo-Augelli-246-768x768.jpg 768w, https:\/\/comadi.es\/wp-content\/uploads\/2023\/08\/Marcelo-Augelli-246.jpg 1400w\" sizes=\"(max-width: 640px) 100vw, 640px\" \/>\t\t\t\t\t\t\t\t\t\t\t\t\t\t\t<\/div>\n\t\t\t\t<\/div>\n\t\t\t\t\t<\/div>\n\t\t\t\t<\/div>\n\t\t<div class=\"elementor-element elementor-element-d425f3b e-grid e-con-boxed e-con e-parent\" data-id=\"d425f3b\" data-element_type=\"container\">\n\t\t\t\t\t<div class=\"e-con-inner\">\n\t\t\t\t<div class=\"elementor-element elementor-element-1d12a76 elementor-widget elementor-widget-image\" data-id=\"1d12a76\" data-element_type=\"widget\" data-widget_type=\"image.default\">\n\t\t\t\t<div class=\"elementor-widget-container\">\n\t\t\t\t\t\t\t\t\t\t\t\t\t\t\t<img decoding=\"async\" width=\"640\" height=\"426\" src=\"https:\/\/comadi.es\/wp-content\/uploads\/2023\/08\/Marcelo-Augelli-248-1024x682.jpg\" class=\"attachment-large size-large wp-image-6329\" alt=\"\" srcset=\"https:\/\/comadi.es\/wp-content\/uploads\/2023\/08\/Marcelo-Augelli-248-1024x682.jpg 1024w, https:\/\/comadi.es\/wp-content\/uploads\/2023\/08\/Marcelo-Augelli-248-300x200.jpg 300w, https:\/\/comadi.es\/wp-content\/uploads\/2023\/08\/Marcelo-Augelli-248-768x512.jpg 768w, https:\/\/comadi.es\/wp-content\/uploads\/2023\/08\/Marcelo-Augelli-248.jpg 1400w\" sizes=\"(max-width: 640px) 100vw, 640px\" \/>\t\t\t\t\t\t\t\t\t\t\t\t\t\t\t<\/div>\n\t\t\t\t<\/div>\n\t\t\t\t<div class=\"elementor-element elementor-element-6dc1770 elementor-widget elementor-widget-text-editor\" data-id=\"6dc1770\" data-element_type=\"widget\" data-widget_type=\"text-editor.default\">\n\t\t\t\t<div class=\"elementor-widget-container\">\n\t\t\t\t\t\t\t\t\t<h2>Experi\u00e8ncia i Dedicaci\u00f3<\/h2>\n<p>Encara que siguem una petita empresa, el nostre equip \u00e9s una poderosa combinaci\u00f3 d&#8217;experi\u00e8ncia i dedicaci\u00f3. Cada membre aporta habilitats \u00faniques i coneixements especialitzats que ens permeten destacar al mercat B2B i superar els desafiaments amb creativitat i determinaci\u00f3. <\/p>\n<p>Enfocament Personalitzat: Com que \u00e9s una empresa familiar, valorem el tracte proper i personal amb cada client. Escoltem atentament les seves necessitats i ens esforcem per comprendre els seus objectius comercials per oferir solucions adaptades que generin resultats positius. <\/p>\n\t\t\t\t\t\t\t\t<\/div>\n\t\t\t\t<\/div>\n\t\t\t\t\t<\/div>\n\t\t\t\t<\/div>\n\t\t<div class=\"elementor-element elementor-element-bacee01 e-grid e-con-boxed e-con e-parent\" data-id=\"bacee01\" data-element_type=\"container\">\n\t\t\t\t\t<div class=\"e-con-inner\">\n\t\t\t\t<div class=\"elementor-element elementor-element-77e820e elementor-widget elementor-widget-text-editor\" data-id=\"77e820e\" data-element_type=\"widget\" data-widget_type=\"text-editor.default\">\n\t\t\t\t<div class=\"elementor-widget-container\">\n\t\t\t\t\t\t\t\t\t<h2>Un Equip Unit<\/h2>\n<p>La nostra cohesi\u00f3 \u00e9s el que ens diferencia. Treballem colze a colze, recolzant-nos m\u00fatuament en tot moment. Creiem que un ambient laboral positiu es tradueix en un servei excepcional per als nostres clients, i aquesta \u00e9s la nostra prioritat.  <\/p>\n<p>Coneix-nos: Et convidem a con\u00e8ixer a cada membre del nostre equip, les seves passions i els seus talents que aporten a l&#8217;empresa. Estem ansiosos per brindar-te una experi\u00e8ncia \u00fanica i personalitzada mentre treballem junts per assolir els teus objectius comercials. <\/p>\n\t\t\t\t\t\t\t\t<\/div>\n\t\t\t\t<\/div>\n\t\t\t\t<div class=\"elementor-element elementor-element-0b2e4d0 elementor-widget elementor-widget-image\" data-id=\"0b2e4d0\" data-element_type=\"widget\" data-widget_type=\"image.default\">\n\t\t\t\t<div class=\"elementor-widget-container\">\n\t\t\t\t\t\t\t\t\t\t\t\t\t\t\t<img decoding=\"async\" width=\"640\" height=\"426\" src=\"https:\/\/comadi.es\/wp-content\/uploads\/2023\/08\/Marcelo-Augelli-251-1024x682.jpg\" class=\"attachment-large size-large wp-image-6327\" alt=\"Marcelo Augelli-251\" srcset=\"https:\/\/comadi.es\/wp-content\/uploads\/2023\/08\/Marcelo-Augelli-251-1024x682.jpg 1024w, https:\/\/comadi.es\/wp-content\/uploads\/2023\/08\/Marcelo-Augelli-251-300x200.jpg 300w, https:\/\/comadi.es\/wp-content\/uploads\/2023\/08\/Marcelo-Augelli-251-768x512.jpg 768w, https:\/\/comadi.es\/wp-content\/uploads\/2023\/08\/Marcelo-Augelli-251.jpg 1400w\" sizes=\"(max-width: 640px) 100vw, 640px\" \/>\t\t\t\t\t\t\t\t\t\t\t\t\t\t\t<\/div>\n\t\t\t\t<\/div>\n\t\t\t\t\t<\/div>\n\t\t\t\t<\/div>\n\t\t<div class=\"elementor-element elementor-element-fa6e4dc e-flex e-con-boxed e-con e-parent\" data-id=\"fa6e4dc\" data-element_type=\"container\">\n\t\t\t\t\t<div class=\"e-con-inner\">\n\t\t\t\t<div class=\"elementor-element elementor-element-44accbb elementor-widget elementor-widget-text-editor\" data-id=\"44accbb\" data-element_type=\"widget\" data-widget_type=\"text-editor.default\">\n\t\t\t\t<div class=\"elementor-widget-container\">\n\t\t\t\t\t\t\t\t\t<p>A Comadi, no nom\u00e9s obtindr\u00e0s resultats de qualitat en concertaci\u00f3 de visites i generaci\u00f3 de leads B2B, sin\u00f3 que tamb\u00e9 et sentir\u00e0s part de la nostra fam\u00edlia. Estem emocionats de treballar amb tu! <\/p>\n\t\t\t\t\t\t\t\t<\/div>\n\t\t\t\t<\/div>\n\t\t\t\t<div class=\"elementor-element elementor-element-88058d3 elementor-widget elementor-widget-image\" data-id=\"88058d3\" data-element_type=\"widget\" data-widget_type=\"image.default\">\n\t\t\t\t<div class=\"elementor-widget-container\">\n\t\t\t\t\t\t\t\t\t\t\t\t\t\t\t<img loading=\"lazy\" decoding=\"async\" width=\"640\" height=\"800\" src=\"https:\/\/comadi.es\/wp-content\/uploads\/2023\/08\/Marcelo-Augelli-257-819x1024.jpg\" class=\"attachment-large size-large wp-image-6328\" alt=\"\" srcset=\"https:\/\/comadi.es\/wp-content\/uploads\/2023\/08\/Marcelo-Augelli-257-819x1024.jpg 819w, https:\/\/comadi.es\/wp-content\/uploads\/2023\/08\/Marcelo-Augelli-257-240x300.jpg 240w, https:\/\/comadi.es\/wp-content\/uploads\/2023\/08\/Marcelo-Augelli-257-768x960.jpg 768w, https:\/\/comadi.es\/wp-content\/uploads\/2023\/08\/Marcelo-Augelli-257.jpg 1120w\" sizes=\"(max-width: 640px) 100vw, 640px\" \/>\t\t\t\t\t\t\t\t\t\t\t\t\t\t\t<\/div>\n\t\t\t\t<\/div>\n\t\t\t\t\t<\/div>\n\t\t\t\t<\/div>\n\t\t\t\t<\/div>\n\t\t","protected":false},"excerpt":{"rendered":"<p>Benvinguts al cor de la nostra empresa! Us presentem als protagonistes que ajuden a augmentar les vendes dels nostres clients a trav\u00e9s dels nostres serveis de telem\u00e0rqueting, generaci\u00f3 de leads o concertaci\u00f3 de visites comercials, entre d&#8217;altres: A Comadi som una empresa petita i familiar, i ens enorgulleix presentar al nostre equip excepcional que impulsa [&hellip;]<\/p>\n","protected":false},"author":1,"featured_media":0,"parent":0,"menu_order":0,"comment_status":"closed","ping_status":"closed","template":"elementor_header_footer","meta":{"_acf_changed":false,"inline_featured_image":false,"footnotes":""},"class_list":["post-7570","page","type-page","status-publish","hentry"],"acf":[],"yoast_head":"<!-- This site is optimized with the Yoast SEO plugin v26.9 - https:\/\/yoast.com\/product\/yoast-seo-wordpress\/ -->\n<title>Equip - Comadi Telemarketing<\/title>\n<meta name=\"description\" content=\"Equip de professionals a Comadi: protagonistes que augmenten les teves vendes a trav\u00e9s de serveis de telem\u00e0rqueting, generaci\u00f3 de leads o concertaci\u00f3 de visites.\" \/>\n<meta name=\"robots\" content=\"index, follow, max-snippet:-1, max-image-preview:large, max-video-preview:-1\" \/>\n<link rel=\"canonical\" href=\"https:\/\/comadi.es\/ca\/equip\/\" \/>\n<meta property=\"og:locale\" content=\"ca_ES\" \/>\n<meta property=\"og:type\" content=\"article\" \/>\n<meta property=\"og:title\" content=\"Equip - Comadi Telemarketing\" \/>\n<meta property=\"og:description\" content=\"Equip de professionals a Comadi: protagonistes que augmenten les teves vendes a trav\u00e9s de serveis de telem\u00e0rqueting, generaci\u00f3 de leads o concertaci\u00f3 de visites.\" \/>\n<meta property=\"og:url\" content=\"https:\/\/comadi.es\/ca\/equip\/\" \/>\n<meta property=\"og:site_name\" content=\"Comadi Telemarketing\" \/>\n<meta property=\"article:modified_time\" content=\"2024-12-24T10:20:36+00:00\" \/>\n<meta property=\"og:image\" content=\"https:\/\/comadi.es\/wp-content\/uploads\/2023\/08\/Marcelo-Augelli-246.jpg\" \/>\n\t<meta property=\"og:image:width\" content=\"1400\" \/>\n\t<meta property=\"og:image:height\" content=\"1400\" \/>\n\t<meta property=\"og:image:type\" content=\"image\/jpeg\" \/>\n<meta name=\"twitter:card\" content=\"summary_large_image\" \/>\n<meta name=\"twitter:label1\" content=\"Temps estimat de lectura\" \/>\n\t<meta name=\"twitter:data1\" content=\"2 minuts\" \/>\n<script type=\"application\/ld+json\" class=\"yoast-schema-graph\">{\"@context\":\"https:\/\/schema.org\",\"@graph\":[{\"@type\":\"WebPage\",\"@id\":\"https:\/\/comadi.es\/ca\/equip\/\",\"url\":\"https:\/\/comadi.es\/ca\/equip\/\",\"name\":\"Equip - Comadi Telemarketing\",\"isPartOf\":{\"@id\":\"https:\/\/comadi.es\/ca\/#website\"},\"primaryImageOfPage\":{\"@id\":\"https:\/\/comadi.es\/ca\/equip\/#primaryimage\"},\"image\":{\"@id\":\"https:\/\/comadi.es\/ca\/equip\/#primaryimage\"},\"thumbnailUrl\":\"https:\/\/comadi.es\/wp-content\/uploads\/2023\/08\/Marcelo-Augelli-246-1024x1024.jpg\",\"datePublished\":\"2019-03-26T08:21:19+00:00\",\"dateModified\":\"2024-12-24T10:20:36+00:00\",\"description\":\"Equip de professionals a Comadi: protagonistes que augmenten les teves vendes a trav\u00e9s de serveis de telem\u00e0rqueting, generaci\u00f3 de leads o concertaci\u00f3 de visites.\",\"breadcrumb\":{\"@id\":\"https:\/\/comadi.es\/ca\/equip\/#breadcrumb\"},\"inLanguage\":\"ca\",\"potentialAction\":[{\"@type\":\"ReadAction\",\"target\":[\"https:\/\/comadi.es\/ca\/equip\/\"]}]},{\"@type\":\"ImageObject\",\"inLanguage\":\"ca\",\"@id\":\"https:\/\/comadi.es\/ca\/equip\/#primaryimage\",\"url\":\"https:\/\/comadi.es\/wp-content\/uploads\/2023\/08\/Marcelo-Augelli-246-1024x1024.jpg\",\"contentUrl\":\"https:\/\/comadi.es\/wp-content\/uploads\/2023\/08\/Marcelo-Augelli-246-1024x1024.jpg\"},{\"@type\":\"BreadcrumbList\",\"@id\":\"https:\/\/comadi.es\/ca\/equip\/#breadcrumb\",\"itemListElement\":[{\"@type\":\"ListItem\",\"position\":1,\"name\":\"Portada\",\"item\":\"https:\/\/comadi.es\/ca\/comadi\/\"},{\"@type\":\"ListItem\",\"position\":2,\"name\":\"Equip\"}]},{\"@type\":\"WebSite\",\"@id\":\"https:\/\/comadi.es\/ca\/#website\",\"url\":\"https:\/\/comadi.es\/ca\/\",\"name\":\"Comadi Telemarketing\",\"description\":\"Servicios de telemarketing y contact center para empresas\",\"publisher\":{\"@id\":\"https:\/\/comadi.es\/ca\/#organization\"},\"potentialAction\":[{\"@type\":\"SearchAction\",\"target\":{\"@type\":\"EntryPoint\",\"urlTemplate\":\"https:\/\/comadi.es\/ca\/?s={search_term_string}\"},\"query-input\":{\"@type\":\"PropertyValueSpecification\",\"valueRequired\":true,\"valueName\":\"search_term_string\"}}],\"inLanguage\":\"ca\"},{\"@type\":\"Organization\",\"@id\":\"https:\/\/comadi.es\/ca\/#organization\",\"name\":\"Comadi Telemarketing\",\"url\":\"https:\/\/comadi.es\/ca\/\",\"logo\":{\"@type\":\"ImageObject\",\"inLanguage\":\"ca\",\"@id\":\"https:\/\/comadi.es\/ca\/#\/schema\/logo\/image\/\",\"url\":\"https:\/\/comadi.es\/wp-content\/uploads\/2023\/06\/COMADI-logo-horizontal-01.png\",\"contentUrl\":\"https:\/\/comadi.es\/wp-content\/uploads\/2023\/06\/COMADI-logo-horizontal-01.png\",\"width\":1693,\"height\":443,\"caption\":\"Comadi Telemarketing\"},\"image\":{\"@id\":\"https:\/\/comadi.es\/ca\/#\/schema\/logo\/image\/\"}}]}<\/script>\n<!-- \/ Yoast SEO plugin. -->","yoast_head_json":{"title":"Equip - Comadi Telemarketing","description":"Equip de professionals a Comadi: protagonistes que augmenten les teves vendes a trav\u00e9s de serveis de telem\u00e0rqueting, generaci\u00f3 de leads o concertaci\u00f3 de visites.","robots":{"index":"index","follow":"follow","max-snippet":"max-snippet:-1","max-image-preview":"max-image-preview:large","max-video-preview":"max-video-preview:-1"},"canonical":"https:\/\/comadi.es\/ca\/equip\/","og_locale":"ca_ES","og_type":"article","og_title":"Equip - Comadi Telemarketing","og_description":"Equip de professionals a Comadi: protagonistes que augmenten les teves vendes a trav\u00e9s de serveis de telem\u00e0rqueting, generaci\u00f3 de leads o concertaci\u00f3 de visites.","og_url":"https:\/\/comadi.es\/ca\/equip\/","og_site_name":"Comadi Telemarketing","article_modified_time":"2024-12-24T10:20:36+00:00","og_image":[{"width":1400,"height":1400,"url":"https:\/\/comadi.es\/wp-content\/uploads\/2023\/08\/Marcelo-Augelli-246.jpg","type":"image\/jpeg"}],"twitter_card":"summary_large_image","twitter_misc":{"Temps estimat de lectura":"2 minuts"},"schema":{"@context":"https:\/\/schema.org","@graph":[{"@type":"WebPage","@id":"https:\/\/comadi.es\/ca\/equip\/","url":"https:\/\/comadi.es\/ca\/equip\/","name":"Equip - Comadi Telemarketing","isPartOf":{"@id":"https:\/\/comadi.es\/ca\/#website"},"primaryImageOfPage":{"@id":"https:\/\/comadi.es\/ca\/equip\/#primaryimage"},"image":{"@id":"https:\/\/comadi.es\/ca\/equip\/#primaryimage"},"thumbnailUrl":"https:\/\/comadi.es\/wp-content\/uploads\/2023\/08\/Marcelo-Augelli-246-1024x1024.jpg","datePublished":"2019-03-26T08:21:19+00:00","dateModified":"2024-12-24T10:20:36+00:00","description":"Equip de professionals a Comadi: protagonistes que augmenten les teves vendes a trav\u00e9s de serveis de telem\u00e0rqueting, generaci\u00f3 de leads o concertaci\u00f3 de visites.","breadcrumb":{"@id":"https:\/\/comadi.es\/ca\/equip\/#breadcrumb"},"inLanguage":"ca","potentialAction":[{"@type":"ReadAction","target":["https:\/\/comadi.es\/ca\/equip\/"]}]},{"@type":"ImageObject","inLanguage":"ca","@id":"https:\/\/comadi.es\/ca\/equip\/#primaryimage","url":"https:\/\/comadi.es\/wp-content\/uploads\/2023\/08\/Marcelo-Augelli-246-1024x1024.jpg","contentUrl":"https:\/\/comadi.es\/wp-content\/uploads\/2023\/08\/Marcelo-Augelli-246-1024x1024.jpg"},{"@type":"BreadcrumbList","@id":"https:\/\/comadi.es\/ca\/equip\/#breadcrumb","itemListElement":[{"@type":"ListItem","position":1,"name":"Portada","item":"https:\/\/comadi.es\/ca\/comadi\/"},{"@type":"ListItem","position":2,"name":"Equip"}]},{"@type":"WebSite","@id":"https:\/\/comadi.es\/ca\/#website","url":"https:\/\/comadi.es\/ca\/","name":"Comadi Telemarketing","description":"Servicios de telemarketing y contact center para empresas","publisher":{"@id":"https:\/\/comadi.es\/ca\/#organization"},"potentialAction":[{"@type":"SearchAction","target":{"@type":"EntryPoint","urlTemplate":"https:\/\/comadi.es\/ca\/?s={search_term_string}"},"query-input":{"@type":"PropertyValueSpecification","valueRequired":true,"valueName":"search_term_string"}}],"inLanguage":"ca"},{"@type":"Organization","@id":"https:\/\/comadi.es\/ca\/#organization","name":"Comadi Telemarketing","url":"https:\/\/comadi.es\/ca\/","logo":{"@type":"ImageObject","inLanguage":"ca","@id":"https:\/\/comadi.es\/ca\/#\/schema\/logo\/image\/","url":"https:\/\/comadi.es\/wp-content\/uploads\/2023\/06\/COMADI-logo-horizontal-01.png","contentUrl":"https:\/\/comadi.es\/wp-content\/uploads\/2023\/06\/COMADI-logo-horizontal-01.png","width":1693,"height":443,"caption":"Comadi Telemarketing"},"image":{"@id":"https:\/\/comadi.es\/ca\/#\/schema\/logo\/image\/"}}]}},"_links":{"self":[{"href":"https:\/\/comadi.es\/ca\/wp-json\/wp\/v2\/pages\/7570","targetHints":{"allow":["GET"]}}],"collection":[{"href":"https:\/\/comadi.es\/ca\/wp-json\/wp\/v2\/pages"}],"about":[{"href":"https:\/\/comadi.es\/ca\/wp-json\/wp\/v2\/types\/page"}],"author":[{"embeddable":true,"href":"https:\/\/comadi.es\/ca\/wp-json\/wp\/v2\/users\/1"}],"replies":[{"embeddable":true,"href":"https:\/\/comadi.es\/ca\/wp-json\/wp\/v2\/comments?post=7570"}],"version-history":[{"count":1,"href":"https:\/\/comadi.es\/ca\/wp-json\/wp\/v2\/pages\/7570\/revisions"}],"predecessor-version":[{"id":7571,"href":"https:\/\/comadi.es\/ca\/wp-json\/wp\/v2\/pages\/7570\/revisions\/7571"}],"wp:attachment":[{"href":"https:\/\/comadi.es\/ca\/wp-json\/wp\/v2\/media?parent=7570"}],"curies":[{"name":"wp","href":"https:\/\/api.w.org\/{rel}","templated":true}]}}